{"id":7,"date":"2017-12-30T15:25:56","date_gmt":"2017-12-30T14:25:56","guid":{"rendered":"http:\/\/dezolutky.sk\/?page_id=7"},"modified":"2018-01-04T20:12:19","modified_gmt":"2018-01-04T19:12:19","slug":"uvodna-stranka","status":"publish","type":"page","link":"https:\/\/dezolutky.sk\/","title":{"rendered":"O divadle"},"content":{"rendered":"<p><b>Dezorzovo l\u00fatkov\u00e9 divadlo <\/b>je jedin\u00e9 b\u00e1bkov\u00e9 divadlo pre dospel\u00e9ho div\u00e1ka na Slovensku.<b> Dezorzovo l\u00fatkov\u00e9 divadlo <\/b>ch\u00e1pe divadeln\u00fa b\u00e1bkov\u00fa formu ako priestor pre realiz\u00e1ciu t\u00e9m, ktor\u00e9 sa neboja atakova\u0165 ale i zab\u00e1va\u0165 div\u00e1ka.<b> Dezorzovo l\u00fatkov\u00e9 divadlo <\/b>nach\u00e1dza in\u0161pir\u00e1ciu pri svojej tvorbe nielen v klasickej dramatickej spisbe, ale spracuv\u00e1va aj t\u00e9my, ktor\u00e9 priamo \u010di nepriamo \u010derpaj\u00fa z mainstreamu &#8211; comics, filmov\u00fd horor, ak\u010dn\u00fd film, thriler, muzik\u00e1l, punkov\u00e1 hudba, poklesl\u00e1 brakov\u00e1 literat\u00fara.<b> Dezorzovo l\u00fatkov\u00e9 divadlo <\/b>je l\u00fatkov\u00e9 divadlo!<b> Dezorzovo l\u00fatkov\u00e9 divadlo <\/b>prezentuje l\u00fatky ako mal\u00fdch \u013eud\u00ed na \u0161pag\u00e1tikoch, ktor\u00ed dok\u00e1\u017eu skuto\u010dne \u017ei\u0165, v\u00e1\u0161nivo milova\u0165 aj ukrutne trpie\u0165.<b> Dezorzovo l\u00fatkov\u00e9 <\/b>divadlo nie jen vzdor.<b> Dezorzovo l\u00fatkov\u00e9 divadlo <\/b>je hardcore, boj, pokora a n\u00e1zor.<\/p>\n","protected":false},"excerpt":{"rendered":"<p>Dezorzovo l\u00fatkov\u00e9 divadlo je jedin\u00e9 b\u00e1bkov\u00e9 divadlo pre dospel\u00e9ho div\u00e1ka na Slovensku. Dezorzovo l\u00fatkov\u00e9 divadlo ch\u00e1pe divadeln\u00fa b\u00e1bkov\u00fa formu ako priestor pre realiz\u00e1ciu t\u00e9m, ktor\u00e9 sa neboja atakova\u0165 ale i zab\u00e1va\u0165 div\u00e1ka. Dezorzovo l\u00fatkov\u00e9 divadlo nach\u00e1dza in\u0161pir\u00e1ciu pri svojej tvorbe nielen v klasickej dramatickej spisbe, ale spracuv\u00e1va aj t\u00e9my, ktor\u00e9 priamo \u010di nepriamo \u010derpaj\u00fa z &hellip; <\/p>\n<p class=\"link-more\"><a href=\"https:\/\/dezolutky.sk\/\" class=\"more-link\">Pokra\u010dova\u0165 v \u010d\u00edtan\u00ed<span class=\"screen-reader-text\"> &#8222;O divadle&#8220;<\/span><\/a><\/p>\n","protected":false},"author":1,"featured_media":39,"parent":0,"menu_order":0,"comment_status":"closed","ping_status":"closed","template":"","meta":{"footnotes":""},"class_list":["post-7","page","type-page","status-publish","has-post-thumbnail","hentry"],"yoast_head":"<!-- This site is optimized with the Yoast SEO plugin v27.4 - https:\/\/yoast.com\/product\/yoast-seo-wordpress\/ -->\n<title>O divadle - Dezorzovo l\u00fatkov\u00e9 divadlo<\/title>\n<meta name=\"robots\" content=\"index, follow, max-snippet:-1, max-image-preview:large, max-video-preview:-1\" \/>\n<link rel=\"canonical\" href=\"https:\/\/dezolutky.sk\/\" \/>\n<meta property=\"og:locale\" content=\"sk_SK\" \/>\n<meta property=\"og:type\" content=\"article\" \/>\n<meta property=\"og:title\" content=\"O divadle - Dezorzovo l\u00fatkov\u00e9 divadlo\" \/>\n<meta property=\"og:description\" content=\"Dezorzovo l\u00fatkov\u00e9 divadlo je jedin\u00e9 b\u00e1bkov\u00e9 divadlo pre dospel\u00e9ho div\u00e1ka na Slovensku. Dezorzovo l\u00fatkov\u00e9 divadlo ch\u00e1pe divadeln\u00fa b\u00e1bkov\u00fa formu ako priestor pre realiz\u00e1ciu t\u00e9m, ktor\u00e9 sa neboja atakova\u0165 ale i zab\u00e1va\u0165 div\u00e1ka. Dezorzovo l\u00fatkov\u00e9 divadlo nach\u00e1dza in\u0161pir\u00e1ciu pri svojej tvorbe nielen v klasickej dramatickej spisbe, ale spracuv\u00e1va aj t\u00e9my, ktor\u00e9 priamo \u010di nepriamo \u010derpaj\u00fa z &hellip; Pokra\u010dova\u0165 v \u010d\u00edtan\u00ed &quot;O divadle&quot;\" \/>\n<meta property=\"og:url\" content=\"https:\/\/dezolutky.sk\/\" \/>\n<meta property=\"og:site_name\" content=\"Dezorzovo l\u00fatkov\u00e9 divadlo\" \/>\n<meta property=\"article:modified_time\" content=\"2018-01-04T19:12:19+00:00\" \/>\n<meta property=\"og:image\" content=\"http:\/\/dezolutky.sk\/wp-content\/uploads\/2018\/01\/O-DIVADLE.jpg\" \/>\n\t<meta property=\"og:image:width\" content=\"2000\" \/>\n\t<meta property=\"og:image:height\" content=\"1200\" \/>\n\t<meta property=\"og:image:type\" content=\"image\/jpeg\" \/>\n<meta name=\"twitter:card\" content=\"summary_large_image\" \/>\n<meta name=\"twitter:label1\" content=\"Predpokladan\u00fd \u010das \u010d\u00edtania\" \/>\n\t<meta name=\"twitter:data1\" content=\"1 min\u00fata\" \/>\n<script type=\"application\/ld+json\" class=\"yoast-schema-graph\">{\"@context\":\"https:\\\/\\\/schema.org\",\"@graph\":[{\"@type\":\"WebPage\",\"@id\":\"https:\\\/\\\/dezolutky.sk\\\/\",\"url\":\"https:\\\/\\\/dezolutky.sk\\\/\",\"name\":\"O divadle - Dezorzovo l\u00fatkov\u00e9 divadlo\",\"isPartOf\":{\"@id\":\"https:\\\/\\\/dezolutky.sk\\\/#website\"},\"primaryImageOfPage\":{\"@id\":\"https:\\\/\\\/dezolutky.sk\\\/#primaryimage\"},\"image\":{\"@id\":\"https:\\\/\\\/dezolutky.sk\\\/#primaryimage\"},\"thumbnailUrl\":\"https:\\\/\\\/dezolutky.sk\\\/wp-content\\\/uploads\\\/2018\\\/01\\\/O-DIVADLE.jpg\",\"datePublished\":\"2017-12-30T14:25:56+00:00\",\"dateModified\":\"2018-01-04T19:12:19+00:00\",\"breadcrumb\":{\"@id\":\"https:\\\/\\\/dezolutky.sk\\\/#breadcrumb\"},\"inLanguage\":\"sk-SK\",\"potentialAction\":[{\"@type\":\"ReadAction\",\"target\":[\"https:\\\/\\\/dezolutky.sk\\\/\"]}]},{\"@type\":\"ImageObject\",\"inLanguage\":\"sk-SK\",\"@id\":\"https:\\\/\\\/dezolutky.sk\\\/#primaryimage\",\"url\":\"https:\\\/\\\/dezolutky.sk\\\/wp-content\\\/uploads\\\/2018\\\/01\\\/O-DIVADLE.jpg\",\"contentUrl\":\"https:\\\/\\\/dezolutky.sk\\\/wp-content\\\/uploads\\\/2018\\\/01\\\/O-DIVADLE.jpg\",\"width\":2000,\"height\":1200},{\"@type\":\"BreadcrumbList\",\"@id\":\"https:\\\/\\\/dezolutky.sk\\\/#breadcrumb\",\"itemListElement\":[{\"@type\":\"ListItem\",\"position\":1,\"name\":\"Home\",\"item\":\"https:\\\/\\\/dezolutky.sk\\\/\"},{\"@type\":\"ListItem\",\"position\":2,\"name\":\"O divadle\"}]},{\"@type\":\"WebSite\",\"@id\":\"https:\\\/\\\/dezolutky.sk\\\/#website\",\"url\":\"https:\\\/\\\/dezolutky.sk\\\/\",\"name\":\"Dezorzovo l\u00fatkov\u00e9 divadlo\",\"description\":\"B\u00e1bkov\u00e9 divadlo pre dospel\u00fdch\",\"potentialAction\":[{\"@type\":\"SearchAction\",\"target\":{\"@type\":\"EntryPoint\",\"urlTemplate\":\"https:\\\/\\\/dezolutky.sk\\\/?s={search_term_string}\"},\"query-input\":{\"@type\":\"PropertyValueSpecification\",\"valueRequired\":true,\"valueName\":\"search_term_string\"}}],\"inLanguage\":\"sk-SK\"}]}<\/script>\n<!-- \/ Yoast SEO plugin. -->","yoast_head_json":{"title":"O divadle - Dezorzovo l\u00fatkov\u00e9 divadlo","robots":{"index":"index","follow":"follow","max-snippet":"max-snippet:-1","max-image-preview":"max-image-preview:large","max-video-preview":"max-video-preview:-1"},"canonical":"https:\/\/dezolutky.sk\/","og_locale":"sk_SK","og_type":"article","og_title":"O divadle - Dezorzovo l\u00fatkov\u00e9 divadlo","og_description":"Dezorzovo l\u00fatkov\u00e9 divadlo je jedin\u00e9 b\u00e1bkov\u00e9 divadlo pre dospel\u00e9ho div\u00e1ka na Slovensku. Dezorzovo l\u00fatkov\u00e9 divadlo ch\u00e1pe divadeln\u00fa b\u00e1bkov\u00fa formu ako priestor pre realiz\u00e1ciu t\u00e9m, ktor\u00e9 sa neboja atakova\u0165 ale i zab\u00e1va\u0165 div\u00e1ka. Dezorzovo l\u00fatkov\u00e9 divadlo nach\u00e1dza in\u0161pir\u00e1ciu pri svojej tvorbe nielen v klasickej dramatickej spisbe, ale spracuv\u00e1va aj t\u00e9my, ktor\u00e9 priamo \u010di nepriamo \u010derpaj\u00fa z &hellip; Pokra\u010dova\u0165 v \u010d\u00edtan\u00ed \"O divadle\"","og_url":"https:\/\/dezolutky.sk\/","og_site_name":"Dezorzovo l\u00fatkov\u00e9 divadlo","article_modified_time":"2018-01-04T19:12:19+00:00","og_image":[{"width":2000,"height":1200,"url":"http:\/\/dezolutky.sk\/wp-content\/uploads\/2018\/01\/O-DIVADLE.jpg","type":"image\/jpeg"}],"twitter_card":"summary_large_image","twitter_misc":{"Predpokladan\u00fd \u010das \u010d\u00edtania":"1 min\u00fata"},"schema":{"@context":"https:\/\/schema.org","@graph":[{"@type":"WebPage","@id":"https:\/\/dezolutky.sk\/","url":"https:\/\/dezolutky.sk\/","name":"O divadle - Dezorzovo l\u00fatkov\u00e9 divadlo","isPartOf":{"@id":"https:\/\/dezolutky.sk\/#website"},"primaryImageOfPage":{"@id":"https:\/\/dezolutky.sk\/#primaryimage"},"image":{"@id":"https:\/\/dezolutky.sk\/#primaryimage"},"thumbnailUrl":"https:\/\/dezolutky.sk\/wp-content\/uploads\/2018\/01\/O-DIVADLE.jpg","datePublished":"2017-12-30T14:25:56+00:00","dateModified":"2018-01-04T19:12:19+00:00","breadcrumb":{"@id":"https:\/\/dezolutky.sk\/#breadcrumb"},"inLanguage":"sk-SK","potentialAction":[{"@type":"ReadAction","target":["https:\/\/dezolutky.sk\/"]}]},{"@type":"ImageObject","inLanguage":"sk-SK","@id":"https:\/\/dezolutky.sk\/#primaryimage","url":"https:\/\/dezolutky.sk\/wp-content\/uploads\/2018\/01\/O-DIVADLE.jpg","contentUrl":"https:\/\/dezolutky.sk\/wp-content\/uploads\/2018\/01\/O-DIVADLE.jpg","width":2000,"height":1200},{"@type":"BreadcrumbList","@id":"https:\/\/dezolutky.sk\/#breadcrumb","itemListElement":[{"@type":"ListItem","position":1,"name":"Home","item":"https:\/\/dezolutky.sk\/"},{"@type":"ListItem","position":2,"name":"O divadle"}]},{"@type":"WebSite","@id":"https:\/\/dezolutky.sk\/#website","url":"https:\/\/dezolutky.sk\/","name":"Dezorzovo l\u00fatkov\u00e9 divadlo","description":"B\u00e1bkov\u00e9 divadlo pre dospel\u00fdch","potentialAction":[{"@type":"SearchAction","target":{"@type":"EntryPoint","urlTemplate":"https:\/\/dezolutky.sk\/?s={search_term_string}"},"query-input":{"@type":"PropertyValueSpecification","valueRequired":true,"valueName":"search_term_string"}}],"inLanguage":"sk-SK"}]}},"_links":{"self":[{"href":"https:\/\/dezolutky.sk\/index.php?rest_route=\/wp\/v2\/pages\/7","targetHints":{"allow":["GET"]}}],"collection":[{"href":"https:\/\/dezolutky.sk\/index.php?rest_route=\/wp\/v2\/pages"}],"about":[{"href":"https:\/\/dezolutky.sk\/index.php?rest_route=\/wp\/v2\/types\/page"}],"author":[{"embeddable":true,"href":"https:\/\/dezolutky.sk\/index.php?rest_route=\/wp\/v2\/users\/1"}],"replies":[{"embeddable":true,"href":"https:\/\/dezolutky.sk\/index.php?rest_route=%2Fwp%2Fv2%2Fcomments&post=7"}],"version-history":[{"count":3,"href":"https:\/\/dezolutky.sk\/index.php?rest_route=\/wp\/v2\/pages\/7\/revisions"}],"predecessor-version":[{"id":38,"href":"https:\/\/dezolutky.sk\/index.php?rest_route=\/wp\/v2\/pages\/7\/revisions\/38"}],"wp:featuredmedia":[{"embeddable":true,"href":"https:\/\/dezolutky.sk\/index.php?rest_route=\/wp\/v2\/media\/39"}],"wp:attachment":[{"href":"https:\/\/dezolutky.sk\/index.php?rest_route=%2Fwp%2Fv2%2Fmedia&parent=7"}],"curies":[{"name":"wp","href":"https:\/\/api.w.org\/{rel}","templated":true}]}}