{"id":375,"date":"2018-01-06T17:24:28","date_gmt":"2018-01-06T16:24:28","guid":{"rendered":"http:\/\/dezolutky.sk\/?page_id=375"},"modified":"2018-01-06T17:25:03","modified_gmt":"2018-01-06T16:25:03","slug":"paypal","status":"publish","type":"page","link":"https:\/\/dezolutky.sk\/?page_id=375","title":{"rendered":"PayPal"},"content":{"rendered":"<style>\r\n        .wpedon-container .wpedon-select,\r\n        .wpedon-container .wpedon-input {\r\n            width: 86px;\r\n            min-width: 86px;\r\n            max-width: 86px;\r\n        }\r\n    <\/style><div class='wpedon-container wpedon-align-left'><label id='wpedon-374-name-label'>Dezorzove l\u00fatkov\u00e9 divadlo<br \/><span class='price'>5<\/span>EUR<\/label><br \/><form target='_blank' action='https:\/\/www.paypal.com\/cgi-bin\/webscr' method='post' class='wpedon-form'><input type='hidden' name='cmd' value='_donations' \/><input type='hidden' name='business' value='info@dezolutky.sk' \/><input type='hidden' name='currency_code' value='EUR' \/><input type='hidden' name='notify_url' value='https:\/\/dezolutky.sk\/wp-admin\/admin-post.php?action=add_wpedon_button_ipn'><input type='hidden' name='lc' value='en_US'><input type='hidden' name='bn' value='WPPlugin_SP'><input type='hidden' name='return' value='dezolutky.sk' \/><input type='hidden' name='cancel_return' value='' \/><input class='wpedon_paypalbuttonimage' type='image' src='https:\/\/www.paypal.com\/en_US\/i\/btn\/btn_donate_SM.gif' border='0' name='submit' alt='Make your payments with PayPal. It is free, secure, effective.' style='border: none;'><img alt='' border='0' style='border:none;display:none;' src='https:\/\/www.paypal.com\/en_US\/i\/scr\/pixel.gif' width='1' height='1'><input type='hidden' name='amount' id='amount_7c96de0d4a29bb7c94a9eeba21d1d715' value='5' \/><input type='hidden' name='price' id='price_7c96de0d4a29bb7c94a9eeba21d1d715' value='5' \/><input type='hidden' name='item_number' value='DLD\u20135' \/><input type='hidden' name='item_name' value='Dezorzove l\u00fatkov\u00e9 divadlo' \/><input type='hidden' name='name' value='Dezorzove l\u00fatkov\u00e9 divadlo' \/><input type='hidden' name='custom' value='374'><input type='hidden' name='no_shipping' value='1'><input type='hidden' name='no_note' value='1'><input type='hidden' name='currency_code' value='EUR'><\/form><\/div>\n","protected":false},"excerpt":{"rendered":"","protected":false},"author":1,"featured_media":0,"parent":0,"menu_order":0,"comment_status":"closed","ping_status":"closed","template":"","meta":{"footnotes":""},"class_list":["post-375","page","type-page","status-publish","hentry"],"yoast_head":"<!-- This site is optimized with the Yoast SEO plugin v27.4 - https:\/\/yoast.com\/product\/yoast-seo-wordpress\/ -->\n<title>PayPal - Dezorzovo l\u00fatkov\u00e9 divadlo<\/title>\n<meta name=\"robots\" content=\"index, follow, max-snippet:-1, max-image-preview:large, max-video-preview:-1\" \/>\n<link rel=\"canonical\" href=\"https:\/\/dezolutky.sk\/?page_id=375\" \/>\n<meta property=\"og:locale\" content=\"sk_SK\" \/>\n<meta property=\"og:type\" content=\"article\" \/>\n<meta property=\"og:title\" content=\"PayPal - Dezorzovo l\u00fatkov\u00e9 divadlo\" \/>\n<meta property=\"og:url\" content=\"https:\/\/dezolutky.sk\/?page_id=375\" \/>\n<meta property=\"og:site_name\" content=\"Dezorzovo l\u00fatkov\u00e9 divadlo\" \/>\n<meta property=\"article:modified_time\" content=\"2018-01-06T16:25:03+00:00\" \/>\n<meta name=\"twitter:card\" content=\"summary_large_image\" \/>\n<script type=\"application\/ld+json\" class=\"yoast-schema-graph\">{\"@context\":\"https:\\\/\\\/schema.org\",\"@graph\":[{\"@type\":\"WebPage\",\"@id\":\"https:\\\/\\\/dezolutky.sk\\\/?page_id=375\",\"url\":\"https:\\\/\\\/dezolutky.sk\\\/?page_id=375\",\"name\":\"PayPal - Dezorzovo l\u00fatkov\u00e9 divadlo\",\"isPartOf\":{\"@id\":\"https:\\\/\\\/dezolutky.sk\\\/#website\"},\"datePublished\":\"2018-01-06T16:24:28+00:00\",\"dateModified\":\"2018-01-06T16:25:03+00:00\",\"breadcrumb\":{\"@id\":\"https:\\\/\\\/dezolutky.sk\\\/?page_id=375#breadcrumb\"},\"inLanguage\":\"sk-SK\",\"potentialAction\":[{\"@type\":\"ReadAction\",\"target\":[\"https:\\\/\\\/dezolutky.sk\\\/?page_id=375\"]}]},{\"@type\":\"BreadcrumbList\",\"@id\":\"https:\\\/\\\/dezolutky.sk\\\/?page_id=375#breadcrumb\",\"itemListElement\":[{\"@type\":\"ListItem\",\"position\":1,\"name\":\"Home\",\"item\":\"https:\\\/\\\/dezolutky.sk\\\/\"},{\"@type\":\"ListItem\",\"position\":2,\"name\":\"PayPal\"}]},{\"@type\":\"WebSite\",\"@id\":\"https:\\\/\\\/dezolutky.sk\\\/#website\",\"url\":\"https:\\\/\\\/dezolutky.sk\\\/\",\"name\":\"Dezorzovo l\u00fatkov\u00e9 divadlo\",\"description\":\"B\u00e1bkov\u00e9 divadlo pre dospel\u00fdch\",\"potentialAction\":[{\"@type\":\"SearchAction\",\"target\":{\"@type\":\"EntryPoint\",\"urlTemplate\":\"https:\\\/\\\/dezolutky.sk\\\/?s={search_term_string}\"},\"query-input\":{\"@type\":\"PropertyValueSpecification\",\"valueRequired\":true,\"valueName\":\"search_term_string\"}}],\"inLanguage\":\"sk-SK\"}]}<\/script>\n<!-- \/ Yoast SEO plugin. -->","yoast_head_json":{"title":"PayPal - Dezorzovo l\u00fatkov\u00e9 divadlo","robots":{"index":"index","follow":"follow","max-snippet":"max-snippet:-1","max-image-preview":"max-image-preview:large","max-video-preview":"max-video-preview:-1"},"canonical":"https:\/\/dezolutky.sk\/?page_id=375","og_locale":"sk_SK","og_type":"article","og_title":"PayPal - Dezorzovo l\u00fatkov\u00e9 divadlo","og_url":"https:\/\/dezolutky.sk\/?page_id=375","og_site_name":"Dezorzovo l\u00fatkov\u00e9 divadlo","article_modified_time":"2018-01-06T16:25:03+00:00","twitter_card":"summary_large_image","schema":{"@context":"https:\/\/schema.org","@graph":[{"@type":"WebPage","@id":"https:\/\/dezolutky.sk\/?page_id=375","url":"https:\/\/dezolutky.sk\/?page_id=375","name":"PayPal - Dezorzovo l\u00fatkov\u00e9 divadlo","isPartOf":{"@id":"https:\/\/dezolutky.sk\/#website"},"datePublished":"2018-01-06T16:24:28+00:00","dateModified":"2018-01-06T16:25:03+00:00","breadcrumb":{"@id":"https:\/\/dezolutky.sk\/?page_id=375#breadcrumb"},"inLanguage":"sk-SK","potentialAction":[{"@type":"ReadAction","target":["https:\/\/dezolutky.sk\/?page_id=375"]}]},{"@type":"BreadcrumbList","@id":"https:\/\/dezolutky.sk\/?page_id=375#breadcrumb","itemListElement":[{"@type":"ListItem","position":1,"name":"Home","item":"https:\/\/dezolutky.sk\/"},{"@type":"ListItem","position":2,"name":"PayPal"}]},{"@type":"WebSite","@id":"https:\/\/dezolutky.sk\/#website","url":"https:\/\/dezolutky.sk\/","name":"Dezorzovo l\u00fatkov\u00e9 divadlo","description":"B\u00e1bkov\u00e9 divadlo pre dospel\u00fdch","potentialAction":[{"@type":"SearchAction","target":{"@type":"EntryPoint","urlTemplate":"https:\/\/dezolutky.sk\/?s={search_term_string}"},"query-input":{"@type":"PropertyValueSpecification","valueRequired":true,"valueName":"search_term_string"}}],"inLanguage":"sk-SK"}]}},"_links":{"self":[{"href":"https:\/\/dezolutky.sk\/index.php?rest_route=\/wp\/v2\/pages\/375","targetHints":{"allow":["GET"]}}],"collection":[{"href":"https:\/\/dezolutky.sk\/index.php?rest_route=\/wp\/v2\/pages"}],"about":[{"href":"https:\/\/dezolutky.sk\/index.php?rest_route=\/wp\/v2\/types\/page"}],"author":[{"embeddable":true,"href":"https:\/\/dezolutky.sk\/index.php?rest_route=\/wp\/v2\/users\/1"}],"replies":[{"embeddable":true,"href":"https:\/\/dezolutky.sk\/index.php?rest_route=%2Fwp%2Fv2%2Fcomments&post=375"}],"version-history":[{"count":2,"href":"https:\/\/dezolutky.sk\/index.php?rest_route=\/wp\/v2\/pages\/375\/revisions"}],"predecessor-version":[{"id":379,"href":"https:\/\/dezolutky.sk\/index.php?rest_route=\/wp\/v2\/pages\/375\/revisions\/379"}],"wp:attachment":[{"href":"https:\/\/dezolutky.sk\/index.php?rest_route=%2Fwp%2Fv2%2Fmedia&parent=375"}],"curies":[{"name":"wp","href":"https:\/\/api.w.org\/{rel}","templated":true}]}}